{"id":46,"date":"2020-06-04T08:25:12","date_gmt":"2020-06-04T08:25:12","guid":{"rendered":"http:\/\/kiskorpadise.hu\/uj\/?page_id=46"},"modified":"2020-06-09T14:15:28","modified_gmt":"2020-06-09T14:15:28","slug":"kezdolap","status":"publish","type":"page","link":"https:\/\/kiskorpadise.hu\/","title":{"rendered":"\u00dcdv\u00f6z\u00f6lj\u00fck a Kiskorp\u00e1di Sportegyes\u00fclet Honlapj\u00e1n!"},"content":{"rendered":"\n<h4 class=\"has-text-align-center\"><strong>K\u00e9rj\u00fck ad\u00f3ja 1 %-\u00e1nak felaj\u00e1nl\u00e1s\u00e1val t\u00e1mogassa a Kiskorp\u00e1di Sportegyes\u00fcletet!<\/strong><\/h4>\n\n\n\n<h4 class=\"has-text-align-center\">Ad\u00f3sz\u00e1m: 19946357-1-14<\/h4>\n\n\n\n<h5 class=\"has-text-align-center\">K\u00f6sz\u00f6nj\u00fck!<\/h5>\n","protected":false},"excerpt":{"rendered":"<p>K\u00e9rj\u00fck ad\u00f3ja 1 %-\u00e1nak felaj\u00e1nl\u00e1s\u00e1val t\u00e1mogassa a Kiskorp\u00e1di Sportegyes\u00fcletet! Ad\u00f3sz\u00e1m: 19946357-1-14 K\u00f6sz\u00f6nj\u00fck!<\/p>\n","protected":false},"author":1,"featured_media":0,"parent":0,"menu_order":0,"comment_status":"closed","ping_status":"closed","template":"","meta":[],"_links":{"self":[{"href":"https:\/\/kiskorpadise.hu\/index.php\/wp-json\/wp\/v2\/pages\/46"}],"collection":[{"href":"https:\/\/kiskorpadise.hu\/index.php\/wp-json\/wp\/v2\/pages"}],"about":[{"href":"https:\/\/kiskorpadise.hu\/index.php\/wp-json\/wp\/v2\/types\/page"}],"author":[{"embeddable":true,"href":"https:\/\/kiskorpadise.hu\/index.php\/wp-json\/wp\/v2\/users\/1"}],"replies":[{"embeddable":true,"href":"https:\/\/kiskorpadise.hu\/index.php\/wp-json\/wp\/v2\/comments?post=46"}],"version-history":[{"count":11,"href":"https:\/\/kiskorpadise.hu\/index.php\/wp-json\/wp\/v2\/pages\/46\/revisions"}],"predecessor-version":[{"id":76,"href":"https:\/\/kiskorpadise.hu\/index.php\/wp-json\/wp\/v2\/pages\/46\/revisions\/76"}],"wp:attachment":[{"href":"https:\/\/kiskorpadise.hu\/index.php\/wp-json\/wp\/v2\/media?parent=46"}],"curies":[{"name":"wp","href":"https:\/\/api.w.org\/{rel}","templated":true}]}}