{"id":7,"date":"2020-06-04T07:35:50","date_gmt":"2020-06-04T07:35:50","guid":{"rendered":"http:\/\/kiskorpadise.hu\/uj\/?page_id=7"},"modified":"2020-06-15T14:26:05","modified_gmt":"2020-06-15T14:26:05","slug":"rolunk","status":"publish","type":"page","link":"https:\/\/kiskorpadise.hu\/index.php\/rolunk\/","title":{"rendered":"Kapcsolat"},"content":{"rendered":"\n<div class=\"wp-block-group\"><div class=\"wp-block-group__inner-container\">\n<p><strong>Kiskorp\u00e1di Sportegyes\u00fclet<\/strong><\/p>\n\n\n\n<p><strong>C\u00edm: <\/strong>7524 Kiskorp\u00e1d, V\u00f6r\u00f6smarty u. 22.<br><strong>Eln\u00f6k: <\/strong>Knoch J\u00e1nos<br><strong>Telefon:<\/strong> 06-70-275-0676<br><strong>E-mail: <\/strong>knochster7@gmail.com<\/p>\n\n\n\n<p><strong>P\u00e1lya: <\/strong>Kiskorp\u00e1d, V\u00f6r\u00f6smarty u. 22.<\/p>\n\n\n\n<p><\/p>\n<\/div><\/div>\n\n\n<p><iframe src=\"https:\/\/www.google.com\/maps\/embed?pb=!1m10!1m8!1m3!1d2588.4333192983313!2d17.604606!3d46.362496!3m2!1i1024!2i768!4f13.1!5e1!3m2!1shu!2shu!4v1591265422565!5m2!1shu!2shu\" height=\"300\" frameborder=\"0\" style=\"border:0;\" allowfullscreen=\"\" aria-hidden=\"false\" tabindex=\"0\"><\/iframe><\/p>","protected":false},"excerpt":{"rendered":"","protected":false},"author":1,"featured_media":0,"parent":0,"menu_order":0,"comment_status":"closed","ping_status":"closed","template":"","meta":[],"_links":{"self":[{"href":"https:\/\/kiskorpadise.hu\/index.php\/wp-json\/wp\/v2\/pages\/7"}],"collection":[{"href":"https:\/\/kiskorpadise.hu\/index.php\/wp-json\/wp\/v2\/pages"}],"about":[{"href":"https:\/\/kiskorpadise.hu\/index.php\/wp-json\/wp\/v2\/types\/page"}],"author":[{"embeddable":true,"href":"https:\/\/kiskorpadise.hu\/index.php\/wp-json\/wp\/v2\/users\/1"}],"replies":[{"embeddable":true,"href":"https:\/\/kiskorpadise.hu\/index.php\/wp-json\/wp\/v2\/comments?post=7"}],"version-history":[{"count":9,"href":"https:\/\/kiskorpadise.hu\/index.php\/wp-json\/wp\/v2\/pages\/7\/revisions"}],"predecessor-version":[{"id":85,"href":"https:\/\/kiskorpadise.hu\/index.php\/wp-json\/wp\/v2\/pages\/7\/revisions\/85"}],"wp:attachment":[{"href":"https:\/\/kiskorpadise.hu\/index.php\/wp-json\/wp\/v2\/media?parent=7"}],"curies":[{"name":"wp","href":"https:\/\/api.w.org\/{rel}","templated":true}]}}