{"id":8,"date":"2020-06-04T07:35:50","date_gmt":"2020-06-04T07:35:50","guid":{"rendered":"http:\/\/kiskorpadise.hu\/uj\/?page_id=8"},"modified":"2026-03-26T18:16:39","modified_gmt":"2026-03-26T18:16:39","slug":"elerhetoseg","status":"publish","type":"page","link":"https:\/\/kiskorpadise.hu\/index.php\/elerhetoseg\/","title":{"rendered":"P\u00e1ly\u00e1zatok"},"content":{"rendered":"\n<div class=\"wp-block-file\"><a href=\"https:\/\/kiskorpadise.hu\/wp-content\/uploads\/2026\/03\/signed_20260326150638_ki_JH01_009596_2026_MLSZ_sfp_approval_019d243c-7299-73ed-b8ed-1978ed5f8524-1-1.pdf\"><strong>Kiskorpad-SFP-2026-27-mukodesi-<\/strong>j\u00f3v\u00e1hagy\u00e1s<\/a><a href=\"https:\/\/kiskorpadise.hu\/wp-content\/uploads\/2026\/03\/signed_20260326150638_ki_JH01_009596_2026_MLSZ_sfp_approval_019d243c-7299-73ed-b8ed-1978ed5f8524-1-1.pdf\" class=\"wp-block-file__button\" download>Let\u00f6lt\u00e9s<\/a><\/div>\n\n\n\n<div class=\"wp-block-file\"><a href=\"https:\/\/kiskorpadise.hu\/wp-content\/uploads\/2026\/03\/Kiskorpad-SFP-2026-27-mukodesi-kerelem.pdf\">Kiskorpad-SFP-2026-27-mukodesi-kerelem<\/a><a href=\"https:\/\/kiskorpadise.hu\/wp-content\/uploads\/2026\/03\/Kiskorpad-SFP-2026-27-mukodesi-kerelem.pdf\" class=\"wp-block-file__button\" download>Let\u00f6lt\u00e9s<\/a><\/div>\n\n\n\n<div class=\"wp-block-file\"><a href=\"https:\/\/kiskorpadise.hu\/wp-content\/uploads\/2025\/05\/SFP-1049-2025-jovahagyo-hatarozat.pdf\">SFP-1049-2025-jovahagyo-hatarozat<\/a><a href=\"https:\/\/kiskorpadise.hu\/wp-content\/uploads\/2025\/05\/SFP-1049-2025-jovahagyo-hatarozat.pdf\" class=\"wp-block-file__button\" download>Let\u00f6lt\u00e9s<\/a><\/div>\n\n\n\n<div class=\"wp-block-file\"><a href=\"https:\/\/kiskorpadise.hu\/wp-content\/uploads\/2025\/03\/Kiskorpad-SFP-2025-26-mukodesi-kerelem.pdf\">Kiskorpad-SFP-2025-26-mukodesi-kerelem<\/a><a href=\"https:\/\/kiskorpadise.hu\/wp-content\/uploads\/2025\/03\/Kiskorpad-SFP-2025-26-mukodesi-kerelem.pdf\" class=\"wp-block-file__button\" download>Let\u00f6lt\u00e9s<\/a><\/div>\n\n\n\n<div class=\"wp-block-file\"><a href=\"https:\/\/kiskorpadise.hu\/wp-content\/uploads\/2025\/03\/Kiskorpad-SFP-2025-26-ingatlan-kerelem.pdf\">Kiskorpad-SFP-2025-26-ingatlan-kerelem<\/a><a href=\"https:\/\/kiskorpadise.hu\/wp-content\/uploads\/2025\/03\/Kiskorpad-SFP-2025-26-ingatlan-kerelem.pdf\" class=\"wp-block-file__button\" download>Let\u00f6lt\u00e9s<\/a><\/div>\n\n\n\n<div class=\"wp-block-file\"><a href=\"https:\/\/kiskorpadise.hu\/wp-content\/uploads\/2025\/02\/SFPHPM01-817422024MLSZ-jovahagyo-hatarozat-1.pdf\">SFPHPM01-817422024MLSZ-jovahagy\u00f3<\/a><a href=\"https:\/\/kiskorpadise.hu\/wp-content\/uploads\/2025\/02\/SFPHPM01-817422024MLSZ-jovahagyo-hatarozat-1.pdf\" class=\"wp-block-file__button\" download>Let\u00f6lt\u00e9s<\/a><\/div>\n\n\n\n<div class=\"wp-block-file\"><a href=\"https:\/\/kiskorpadise.hu\/wp-content\/uploads\/2025\/02\/SFPHPM01-817422024MLSZ-1.pdf\">SFPHPM01-817422024MLSZ<\/a><a href=\"https:\/\/kiskorpadise.hu\/wp-content\/uploads\/2025\/02\/SFPHPM01-817422024MLSZ-1.pdf\" class=\"wp-block-file__button\" download>Let\u00f6lt\u00e9s<\/a><\/div>\n\n\n\n<div class=\"wp-block-file\"><a href=\"https:\/\/kiskorpadise.hu\/wp-content\/uploads\/2024\/05\/Kiskorpadi-SE-SFP-2024-25-jovahagyo.pdf\">Kiskorpadi-SE-SFP-2024-25-jovahagy\u00f3<\/a><a href=\"https:\/\/kiskorpadise.hu\/wp-content\/uploads\/2024\/05\/Kiskorpadi-SE-SFP-2024-25-jovahagyo.pdf\" class=\"wp-block-file__button\" download>Let\u00f6lt\u00e9s<\/a><\/div>\n\n\n\n<div class=\"wp-block-file\"><a href=\"https:\/\/kiskorpadise.hu\/wp-content\/uploads\/2024\/03\/Kiskorpad-SFP-2024-25-beadott-ingatlan.pdf\">Kiskorpad-SFP-2024-25-beadott-ingatlan<\/a><a href=\"https:\/\/kiskorpadise.hu\/wp-content\/uploads\/2024\/03\/Kiskorpad-SFP-2024-25-beadott-ingatlan.pdf\" class=\"wp-block-file__button\" download>Let\u00f6lt\u00e9s<\/a><\/div>\n\n\n\n<div class=\"wp-block-file\"><a href=\"https:\/\/kiskorpadise.hu\/wp-content\/uploads\/2024\/03\/Kiskorpad-SFP-2024-25-mukodesi.pdf\">Kiskorpad-SFP-2024-25 Up<\/a><a href=\"https:\/\/kiskorpadise.hu\/wp-content\/uploads\/2024\/03\/Kiskorpad-SFP-2024-25-mukodesi.pdf\" class=\"wp-block-file__button\" download>Let\u00f6lt\u00e9s<\/a><\/div>\n\n\n\n<div class=\"wp-block-file\"><a href=\"https:\/\/kiskorpadise.hu\/wp-content\/uploads\/2023\/03\/sfp_jh_000_63866_2023_mlsz_2023-03-21_1679387039_1679577248.pdf\"><strong>Kiskorpad-SFP-2023-24 j\u00f3v\u00e1hagy\u00f3<\/strong><\/a><a href=\"https:\/\/kiskorpadise.hu\/wp-content\/uploads\/2023\/03\/sfp_jh_000_63866_2023_mlsz_2023-03-21_1679387039_1679577248.pdf\" class=\"wp-block-file__button\" download>Let\u00f6lt\u00e9s<\/a><\/div>\n\n\n\n<div class=\"wp-block-file\"><a href=\"https:\/\/kiskorpadise.hu\/wp-content\/uploads\/2023\/03\/Kiskorpad-SFP-2023-24.pdf\">Kiskorpad-SFP-2023-24<\/a><a href=\"https:\/\/kiskorpadise.hu\/wp-content\/uploads\/2023\/03\/Kiskorpad-SFP-2023-24.pdf\" class=\"wp-block-file__button\" download>Let\u00f6lt\u00e9s<\/a><\/div>\n\n\n\n<div class=\"wp-block-file\"><a href=\"https:\/\/kiskorpadise.hu\/wp-content\/uploads\/2022\/05\/Kiskorpad-Se-ingatlan-SFP-2021-22.pdf\">Kiskorpad-Se-ingatlan-SFP-2021-22<\/a><a href=\"https:\/\/kiskorpadise.hu\/wp-content\/uploads\/2022\/05\/Kiskorpad-Se-ingatlan-SFP-2021-22.pdf\" class=\"wp-block-file__button\" download>Let\u00f6lt\u00e9s<\/a><\/div>\n\n\n\n<div class=\"wp-block-file\"><a href=\"https:\/\/kiskorpadise.hu\/wp-content\/uploads\/2022\/05\/Kiskorpad-SE-ingatlan-jovahagyo.pdf\">Kiskorpad-SE-ingatlan-jovahagyo<\/a><a href=\"https:\/\/kiskorpadise.hu\/wp-content\/uploads\/2022\/05\/Kiskorpad-SE-ingatlan-jovahagyo.pdf\" class=\"wp-block-file__button\" download>Let\u00f6lt\u00e9s<\/a><\/div>\n\n\n\n<div class=\"wp-block-file\"><a href=\"https:\/\/kiskorpadise.hu\/wp-content\/uploads\/2022\/05\/Kiskorpadi-SE-SFP-2022-23.pdf\">2022-TAO-SFP- k\u00e9rlem<\/a><a href=\"https:\/\/kiskorpadise.hu\/wp-content\/uploads\/2022\/05\/Kiskorpadi-SE-SFP-2022-23.pdf\" class=\"wp-block-file__button\" download>Let\u00f6lt\u00e9s<\/a><\/div>\n\n\n\n<div class=\"wp-block-file\"><a href=\"https:\/\/kiskorpadise.hu\/wp-content\/uploads\/2022\/05\/Jovahagyo-hatarozat-2022-23.pdf\">2022-TAO-SFP-hatarozat<\/a><a href=\"https:\/\/kiskorpadise.hu\/wp-content\/uploads\/2022\/05\/Jovahagyo-hatarozat-2022-23.pdf\" class=\"wp-block-file__button\" download>Let\u00f6lt\u00e9s<\/a><\/div>\n\n\n\n<div class=\"wp-block-file\"><a href=\"https:\/\/kiskorpadise.hu\/wp-content\/uploads\/2021\/05\/2021-TAO-SFP-kerelem.pdf\">2021-TAO-SFP-k\u00e9relem<\/a><a href=\"https:\/\/kiskorpadise.hu\/wp-content\/uploads\/2021\/05\/2021-TAO-SFP-kerelem.pdf\" class=\"wp-block-file__button\" download>Let\u00f6lt\u00e9s<\/a><\/div>\n\n\n\n<div class=\"wp-block-file\"><a href=\"https:\/\/kiskorpadise.hu\/wp-content\/uploads\/2021\/05\/2021-TAO-SFP-hatarozat.pdf\">2021-TAO-SFP-hatarozat<\/a><a href=\"https:\/\/kiskorpadise.hu\/wp-content\/uploads\/2021\/05\/2021-TAO-SFP-hatarozat.pdf\" class=\"wp-block-file__button\" download>Let\u00f6lt\u00e9s<\/a><\/div>\n\n\n\n<p><a href=\"http:\/\/kiskorpadise.hu\/upload\/2020_tao_sfp_kerelem.pdf\">2020 TAO SFP k\u00e9relem<\/a><br><a href=\"http:\/\/kiskorpadise.hu\/upload\/2020_tao_hatarozat.pdf\">2020 TAO hat\u00e1rozat<\/a><\/p>\n\n\n\n<p><a href=\"http:\/\/kiskorpadise.hu\/upload\/2019_tao_sfp_kerelem.pdf\">2019 TAO SFP k\u00e9relem<\/a><br><a href=\"http:\/\/kiskorpadise.hu\/upload\/2019_tao_hatarozat.pdf\">2019 TAO hat\u00e1rozat<\/a><\/p>\n\n\n\n<p><a href=\"http:\/\/kiskorpadise.hu\/upload\/2014-15_tao_sfp_kerelem.pdf\">2014-2015 TAO SFP k\u00e9relem<\/a><br><a href=\"http:\/\/kiskorpadise.hu\/upload\/2014-15_tao_hatarozat.pdf\">2014-2015 TAO hat\u00e1rozat<\/a><\/p>\n\n\n\n<p><a href=\"http:\/\/kiskorpadise.hu\/upload\/k\u00f6zhasznusagi_beszamolo_2014.pdf\">K\u00f6zhaszn\u00fas\u00e1gi besz\u00e1mol\u00f3 2014<\/a><br><a href=\"http:\/\/kiskorpadise.hu\/upload\/k\u00f6zhasznusagi_jelentes_2014.pdf\">K\u00f6zhaszn\u00fas\u00e1gi jelent\u00e9s 2014<\/a><\/p>\n\n\n\n<p><a href=\"http:\/\/kiskorpadise.hu\/upload\/2013-14_tao_sfp_kerelem.pdf\">2013-2014 TAO SFP k\u00e9relem<\/a><br><a href=\"http:\/\/kiskorpadise.hu\/upload\/2013-14_tao_hatarozat.pdf\">2013-2014 TAO hat\u00e1rozat<\/a><\/p>\n\n\n\n<p><a href=\"http:\/\/kiskorpadise.hu\/upload\/k\u00f6zhasznusagi_beszamolo_2013.pdf\">K\u00f6zhaszn\u00fas\u00e1gi besz\u00e1mol\u00f3 2013<\/a><br><a href=\"http:\/\/kiskorpadise.hu\/upload\/k\u00f6zhasznusagi_jelentes_2013.pdf\">K\u00f6zhaszn\u00fas\u00e1gi jelent\u00e9s 2013<\/a><\/p>\n\n\n\n<p><a href=\"http:\/\/kiskorpadise.hu\/upload\/sportpalya_fejlesztese_2013-14.jpg\">Sportp\u00e1lya fejleszt\u00e9se 2013-2014<\/a><\/p>\n\n\n\n<p><a href=\"http:\/\/kiskorpadise.hu\/upload\/sportoltozo_melegviz_2012-13.jpg\">Sport\u00f6lt\u00f6z\u0151 melegv\u00edz ell\u00e1t\u00e1s\u00e1nak korszer\u0171s\u00edt\u00e9se, b\u0151v\u00edt\u00e9se 2012-2013<\/a><\/p>\n\n\n\n<p><a href=\"http:\/\/kiskorpadise.hu\/upload\/2012-13_tao_hatarozat.pdf\">2012-2013 TAO hat\u00e1rozat<\/a><\/p>\n","protected":false},"excerpt":{"rendered":"<p>2020 TAO SFP k\u00e9relem2020 TAO hat\u00e1rozat 2019 TAO SFP k\u00e9relem2019 TAO hat\u00e1rozat 2014-2015 TAO SFP k\u00e9relem2014-2015 TAO hat\u00e1rozat K\u00f6zhaszn\u00fas\u00e1gi besz\u00e1mol\u00f3 2014K\u00f6zhaszn\u00fas\u00e1gi jelent\u00e9s 2014 2013-2014 TAO SFP k\u00e9relem2013-2014 TAO hat\u00e1rozat K\u00f6zhaszn\u00fas\u00e1gi besz\u00e1mol\u00f3 2013K\u00f6zhaszn\u00fas\u00e1gi jelent\u00e9s 2013 Sportp\u00e1lya fejleszt\u00e9se 2013-2014 Sport\u00f6lt\u00f6z\u0151 melegv\u00edz ell\u00e1t\u00e1s\u00e1nak korszer\u0171s\u00edt\u00e9se, b\u0151v\u00edt\u00e9se 2012-2013 2012-2013 TAO hat\u00e1rozat<\/p>\n","protected":false},"author":1,"featured_media":0,"parent":0,"menu_order":0,"comment_status":"closed","ping_status":"closed","template":"","meta":[],"_links":{"self":[{"href":"https:\/\/kiskorpadise.hu\/index.php\/wp-json\/wp\/v2\/pages\/8"}],"collection":[{"href":"https:\/\/kiskorpadise.hu\/index.php\/wp-json\/wp\/v2\/pages"}],"about":[{"href":"https:\/\/kiskorpadise.hu\/index.php\/wp-json\/wp\/v2\/types\/page"}],"author":[{"embeddable":true,"href":"https:\/\/kiskorpadise.hu\/index.php\/wp-json\/wp\/v2\/users\/1"}],"replies":[{"embeddable":true,"href":"https:\/\/kiskorpadise.hu\/index.php\/wp-json\/wp\/v2\/comments?post=8"}],"version-history":[{"count":20,"href":"https:\/\/kiskorpadise.hu\/index.php\/wp-json\/wp\/v2\/pages\/8\/revisions"}],"predecessor-version":[{"id":201,"href":"https:\/\/kiskorpadise.hu\/index.php\/wp-json\/wp\/v2\/pages\/8\/revisions\/201"}],"wp:attachment":[{"href":"https:\/\/kiskorpadise.hu\/index.php\/wp-json\/wp\/v2\/media?parent=8"}],"curies":[{"name":"wp","href":"https:\/\/api.w.org\/{rel}","templated":true}]}}